{"id":134,"date":"2015-06-26T09:55:43","date_gmt":"2015-06-26T07:55:43","guid":{"rendered":"https:\/\/www.centrumskolan.se\/wordpress\/?page_id=134"},"modified":"2025-09-08T11:10:19","modified_gmt":"2025-09-08T09:10:19","slug":"hem-2","status":"publish","type":"page","link":"https:\/\/www.centrumskolan.se\/","title":{"rendered":"HEM"},"content":{"rendered":"<p><a href=\"https:\/\/www.centrumskolan.se\/wp-content\/uploads\/2015\/09\/s1ny.jpg\"><img decoding=\"async\" loading=\"lazy\" class=\"alignnone wp-image-251 size-full\" src=\"https:\/\/www.centrumskolan.se\/wp-content\/uploads\/2015\/09\/s1ny.jpg\" alt=\"s1ny\" width=\"1270\" height=\"300\" srcset=\"https:\/\/www.centrumskolan.se\/wp-content\/uploads\/2015\/09\/s1ny.jpg 1270w, https:\/\/www.centrumskolan.se\/wp-content\/uploads\/2015\/09\/s1ny-300x71.jpg 300w, https:\/\/www.centrumskolan.se\/wp-content\/uploads\/2015\/09\/s1ny-1100x260.jpg 1100w\" sizes=\"(max-width: 1270px) 100vw, 1270px\" \/><\/a><a href=\"https:\/\/www.centrumskolan.se\/wordpress\/?attachment_id=251\" rel=\"attachment wp-att-251\"><br \/>\n<\/a><\/p>\n<p style=\"text-align: left;\"><hr>\n<blockquote>\n              <p>V\u00e4lkommen till  Helsingborgs f\u00f6rsta friskola. Centrumskolan \u00e4r en skola f\u00f6r barn fr\u00e5n f\u00f6rskoleklass till och med \u00e5k 6. Den \u00e4r liten och personlig, inte st\u00f6rre \u00e4n att alla k\u00e4nner varandra. Vi har f\u00f6rskoleklass, skola och fritidshem i gemensamma lokaler.<\/p><footer style=\"background: none; padding: 0px;\"><cite title=\"Vi p\u00e5 Centrumskolan\">Vi p\u00e5 Centrumskolan<\/cite><\/footer><\/blockquote>\n<hr>\n<h4><strong>Skolan<a href=\"https:\/\/www.centrumskolan.se\/wp-content\/uploads\/2017\/06\/utomhus3.jpg\"><img decoding=\"async\" loading=\"lazy\" class=\"alignright wp-image-655\" src=\"https:\/\/www.centrumskolan.se\/wp-content\/uploads\/2017\/06\/utomhus3.jpg\" alt=\"utomhus3\" width=\"587\" height=\"315\" srcset=\"https:\/\/www.centrumskolan.se\/wp-content\/uploads\/2017\/06\/utomhus3.jpg 999w, https:\/\/www.centrumskolan.se\/wp-content\/uploads\/2017\/06\/utomhus3-300x161.jpg 300w\" sizes=\"(max-width: 587px) 100vw, 587px\" \/><\/a><\/strong><\/h4>\n<p>H\u00e4r arbetar eleverna i mindre grupper. Undervisningen \u00e4r planerad, varierad och elevens framsteg dokumenteras.<\/p>\n<a class=\"btn btn-primary btn-sm \" href=\"https:\/\/www.centrumskolan.se\/?page_id=106\" target=\"_self\" role=\"button\">L\u00c4S MER<\/a>\n<p><strong><hr><\/strong><\/p>\n<h4><strong>Id\u00e9er om undervisning<\/strong><\/h4>\n<p>Vi p\u00e5 Centrumskolan\u00a0f\u00f6ljer, tar kontinuerligt del av och bygger v\u00e5rt utvecklingsarbete kring resultat av aktuell forskning inom\u00a0skolomr\u00e5det. Att konkretisera och f\u00f6rena forskningsresultat med bepr\u00f6vade metoder \u00e4r viktigt f\u00f6r oss!<\/p>\n<a class=\"btn btn-primary btn-sm \" href=\"https:\/\/www.centrumskolan.se\/?page_id=108\" target=\"_self\" role=\"button\">L\u00c4S MER<\/a>\n<p><strong><hr><a href=\"http:\/\/www.bris.se\"><img decoding=\"async\" loading=\"lazy\" class=\"alignnone  wp-image-1622\" src=\"https:\/\/www.centrumskolan.se\/wp-content\/uploads\/2025\/09\/BRIS0064_Foretagsvan_Banner_2025_980x120-002-300x37.png\" alt=\"\" width=\"511\" height=\"63\" srcset=\"https:\/\/www.centrumskolan.se\/wp-content\/uploads\/2025\/09\/BRIS0064_Foretagsvan_Banner_2025_980x120-002-300x37.png 300w, https:\/\/www.centrumskolan.se\/wp-content\/uploads\/2025\/09\/BRIS0064_Foretagsvan_Banner_2025_980x120-002-1100x135.png 1100w, https:\/\/www.centrumskolan.se\/wp-content\/uploads\/2025\/09\/BRIS0064_Foretagsvan_Banner_2025_980x120-002-768x94.png 768w, https:\/\/www.centrumskolan.se\/wp-content\/uploads\/2025\/09\/BRIS0064_Foretagsvan_Banner_2025_980x120-002-1536x188.png 1536w, https:\/\/www.centrumskolan.se\/wp-content\/uploads\/2025\/09\/BRIS0064_Foretagsvan_Banner_2025_980x120-002.png 1960w\" sizes=\"(max-width: 511px) 100vw, 511px\" \/><\/a><\/strong><\/p>\n","protected":false},"excerpt":{"rendered":"<p>Skolan H\u00e4r arbetar eleverna i mindre grupper. Undervisningen \u00e4r planerad, varierad och elevens framsteg dokumenteras. Id\u00e9er om undervisning Vi p\u00e5 Centrumskolan\u00a0f\u00f6ljer, tar kontinuerligt del av och bygger v\u00e5rt utvecklingsarbete kring resultat av aktuell forskning inom\u00a0skolomr\u00e5det. Att konkretisera och f\u00f6rena forskningsresultat med bepr\u00f6vade metoder \u00e4r viktigt f\u00f6r oss!<\/p>\n","protected":false},"author":1,"featured_media":0,"parent":0,"menu_order":0,"comment_status":"open","ping_status":"open","template":"","meta":{"footnotes":""},"_links":{"self":[{"href":"https:\/\/www.centrumskolan.se\/index.php?rest_route=\/wp\/v2\/pages\/134"}],"collection":[{"href":"https:\/\/www.centrumskolan.se\/index.php?rest_route=\/wp\/v2\/pages"}],"about":[{"href":"https:\/\/www.centrumskolan.se\/index.php?rest_route=\/wp\/v2\/types\/page"}],"author":[{"embeddable":true,"href":"https:\/\/www.centrumskolan.se\/index.php?rest_route=\/wp\/v2\/users\/1"}],"replies":[{"embeddable":true,"href":"https:\/\/www.centrumskolan.se\/index.php?rest_route=%2Fwp%2Fv2%2Fcomments&post=134"}],"version-history":[{"count":97,"href":"https:\/\/www.centrumskolan.se\/index.php?rest_route=\/wp\/v2\/pages\/134\/revisions"}],"predecessor-version":[{"id":1624,"href":"https:\/\/www.centrumskolan.se\/index.php?rest_route=\/wp\/v2\/pages\/134\/revisions\/1624"}],"wp:attachment":[{"href":"https:\/\/www.centrumskolan.se\/index.php?rest_route=%2Fwp%2Fv2%2Fmedia&parent=134"}],"curies":[{"name":"wp","href":"https:\/\/api.w.org\/{rel}","templated":true}]}}