{"id":120,"date":"2015-06-26T09:41:44","date_gmt":"2015-06-26T07:41:44","guid":{"rendered":"https:\/\/www.centrumskolan.se\/wordpress\/?page_id=120"},"modified":"2024-09-11T17:14:57","modified_gmt":"2024-09-11T15:14:57","slug":"dokument-2","status":"publish","type":"page","link":"https:\/\/www.centrumskolan.se\/?page_id=120","title":{"rendered":"DOKUMENT"},"content":{"rendered":"<h4>P\u00e5 denna sida publiceras dokument som \u00e4r tillg\u00e4ngliga f\u00f6r alla. F\u00f6r v\u00e5rdnadshavare h\u00e4nvisar vi till v\u00e5r skolplattform Meitner www.meitner.se &#8211; logga in \/ anv\u00e4nd appen<\/h4>\n<p><strong>\u00a0<hr><\/strong><\/p>\n<ul>\n<li>\n<h4><a href=\"https:\/\/www.centrumskolan.se\/wp-content\/uploads\/2017\/06\/Antagning.pdf\">Information om antagning och v\u00e5r k\u00f6lista<\/a><\/h4>\n<\/li>\n<\/ul>\n<h4><strong>\u00a0<hr><\/strong><\/h4>\n","protected":false},"excerpt":{"rendered":"<p>P\u00e5 denna sida publiceras dokument som \u00e4r tillg\u00e4ngliga f\u00f6r alla. F\u00f6r v\u00e5rdnadshavare h\u00e4nvisar vi till v\u00e5r skolplattform Meitner www.meitner.se &#8211; logga in \/ anv\u00e4nd appen \u00a0 Information om antagning och v\u00e5r k\u00f6lista \u00a0<\/p>\n","protected":false},"author":1,"featured_media":0,"parent":0,"menu_order":0,"comment_status":"open","ping_status":"open","template":"","meta":{"footnotes":""},"_links":{"self":[{"href":"https:\/\/www.centrumskolan.se\/index.php?rest_route=\/wp\/v2\/pages\/120"}],"collection":[{"href":"https:\/\/www.centrumskolan.se\/index.php?rest_route=\/wp\/v2\/pages"}],"about":[{"href":"https:\/\/www.centrumskolan.se\/index.php?rest_route=\/wp\/v2\/types\/page"}],"author":[{"embeddable":true,"href":"https:\/\/www.centrumskolan.se\/index.php?rest_route=\/wp\/v2\/users\/1"}],"replies":[{"embeddable":true,"href":"https:\/\/www.centrumskolan.se\/index.php?rest_route=%2Fwp%2Fv2%2Fcomments&post=120"}],"version-history":[{"count":24,"href":"https:\/\/www.centrumskolan.se\/index.php?rest_route=\/wp\/v2\/pages\/120\/revisions"}],"predecessor-version":[{"id":1456,"href":"https:\/\/www.centrumskolan.se\/index.php?rest_route=\/wp\/v2\/pages\/120\/revisions\/1456"}],"wp:attachment":[{"href":"https:\/\/www.centrumskolan.se\/index.php?rest_route=%2Fwp%2Fv2%2Fmedia&parent=120"}],"curies":[{"name":"wp","href":"https:\/\/api.w.org\/{rel}","templated":true}]}}