{"id":108,"date":"2015-06-26T09:39:11","date_gmt":"2015-06-26T07:39:11","guid":{"rendered":"https:\/\/www.centrumskolan.se\/wordpress\/?page_id=108"},"modified":"2025-09-08T11:02:41","modified_gmt":"2025-09-08T09:02:41","slug":"ideer-om-undervisningen","status":"publish","type":"page","link":"https:\/\/www.centrumskolan.se\/?page_id=108","title":{"rendered":"ID\u00c8ER OM UNDERVISNING"},"content":{"rendered":"<div id=\"attachment_471\" style=\"width: 387px\" class=\"wp-caption alignleft\"><a href=\"https:\/\/www.centrumskolan.se\/wp-content\/uploads\/2015\/06\/centrumskolan_miljo_INT_18.jpg\"><img aria-describedby=\"caption-attachment-471\" decoding=\"async\" loading=\"lazy\" class=\"  wp-image-471\" src=\"https:\/\/www.centrumskolan.se\/wp-content\/uploads\/2015\/06\/centrumskolan_miljo_INT_18-684x1024.jpg\" alt=\"centrumskolan_miljo_INT_18\" width=\"377\" height=\"565\" srcset=\"https:\/\/www.centrumskolan.se\/wp-content\/uploads\/2015\/06\/centrumskolan_miljo_INT_18-684x1024.jpg 684w, https:\/\/www.centrumskolan.se\/wp-content\/uploads\/2015\/06\/centrumskolan_miljo_INT_18-200x300.jpg 200w\" sizes=\"(max-width: 377px) 100vw, 377px\" \/><\/a><p id=\"caption-attachment-471\" class=\"wp-caption-text\">Fotograf Jesper Rydberg<\/p><\/div>\n<h4 id=\"module236\" class=\" moduletitle\"><div class=\"well\">Vi p\u00e5 Centrumskolan\u00a0f\u00f6ljer, tar kontinuerligt del av och bygger v\u00e5rt utvecklingsarbete kring resultat av aktuell forskning inom\u00a0skolomr\u00e5det.<br \/>\nAtt konkretisera och f\u00f6rena forskningsresultat med bepr\u00f6vade metoder \u00e4r viktigt f\u00f6r oss! <\/div><\/h4>\n<div id=\"ctl00_mainContent_ctl00_pnlOuterBody\" class=\"art-postcontent\">\n<div id=\"ctl00_mainContent_ctl00_pnlInnerBody\" class=\"modulecontent\">\n<div id=\"ctl00_mainContent_ctl00_divContent\">\n<h4>Nedan f\u00f6ljer n\u00e5gra exempel\u00a0\u00f6ver hur vi t\u00e4nker kring undervisning och l\u00e4rande!<\/h4>\n<p><strong>Vi str\u00e4var efter att skoldagen ska ha en bra struktur och vara planerad!<\/strong><br \/>\nP\u00e5 Centrumskolan startar de flesta skoldagar med matematik, svenska eller engelska. D\u00e4refter har eleverna SO\/NO eller ett Tema d\u00e4r b\u00e5da \u00e4mnesblocken ing\u00e5r. Vi f\u00f6rs\u00f6ker schemal\u00e4gga de praktiskt estetiska \u00e4mnena till eftermiddagarna.<\/p>\n<p><strong>Vi m\u00f6ter varje barn p\u00e5 dess r\u00e4tta niv\u00e5!<\/strong><br \/>\nMed en god k\u00e4nnedom om var just ditt barn befinner sig i sin kunskapsutveckling s\u00e5 kan vi ocks\u00e5 st\u00e4lla rimliga krav p\u00e5 prestationer och arbetsf\u00f6rm\u00e5ga. H\u00f6ga f\u00f6rv\u00e4ntningar \u00e4r positivt f\u00f6r ditt barns utveckling!<\/p>\n<p><strong>Vi vet att det \u00e4r l\u00e4ttare att l\u00e4ra sig om undervisningen \u00e4r varierad!<\/strong><br \/>\n&#8221;Katederundervisning&#8221;, &#8221;dialogpedagogik&#8221;, &#8221;eget arbete&#8221;, &#8221;projekt&#8221;, &#8221;utomhuspedagogik&#8221;, &#8221;tema och Storyline&#8221;, &#8221;grupparbete&#8221; eller &#8221;hemarbete&#8221;, inget \u00e4r uteslutet p\u00e5 Centrumskolan. Vi f\u00f6rs\u00f6ker anpassa och variera v\u00e5ra metoder s\u00e5 att det fr\u00e4mjar varje elev.<\/p>\n<p><strong>Vi l\u00e5ter ditt barn utveckla det hon\/han \u00e4r bra p\u00e5!<\/strong><br \/>\nD\u00e4rf\u00f6r finns det m\u00f6jligheter f\u00f6r ditt barn att f\u00e5 individuella uppgifter.<\/p>\n<p><strong>L\u00e4xan hj\u00e4lper till att bef\u00e4sta begrepp och metoder som barnen l\u00e4r sig i skolan!<\/strong><br \/>\nDet \u00e4r viktigt att heml\u00e4xan hj\u00e4lper barnet att utveckla sina f\u00e4rdigheter. \u00a0L\u00e4xpolicy: En l\u00e4xa ska tr\u00e4na n\u00e5got man redan l\u00e4rt sig i skolan, allts\u00e5 repetera inte l\u00e4ra in nytt.<\/p>\n<p><strong>Vi vet att trygghet och trivsel \u00e4r mycket viktigt f\u00f6r ditt barns inl\u00e4rning!<\/strong><br \/>\nTydlig kommunikation, \u00a0god l\u00e4rart\u00e4thet, n\u00e4rvarande vuxna (t.ex. under raster), ett systematiskt arbete mot kr\u00e4nkningar \u00e4r n\u00e5gra exempel p\u00e5 vad vi g\u00f6r f\u00f6r att f\u00e5 en s\u00e5 bra arbetsmilj\u00f6 som m\u00f6jligt f\u00f6r ditt barn!<\/p>\n<p><strong>Vi vet att du som f\u00f6r\u00e4lder \u00e4r mycket viktig f\u00f6r ditt barns skolg\u00e5ng!<\/strong><br \/>\nP\u00e5 utvecklingssamtalet kommer vi fram till vad just ditt barn beh\u00f6ver fokusera p\u00e5 och vad du kan g\u00f6ra f\u00f6r att hj\u00e4lpa ditt barn<\/p>\n<p><strong>Vi vet att vi pedagoger\u00a0har stor betydelse f\u00f6r ditt barns kunskapsutveckling!<\/strong><br \/>\nD\u00e4rf\u00f6r undervisar bara engagerade, beh\u00f6riga och legitimerade l\u00e4rare p\u00e5 Centrumskolan. Att undervisningen dessutom \u00e4r rolig tror vi har stor betydelse f\u00f6r just ditt barns skolg\u00e5ng.<\/p>\n<\/div>\n<\/div>\n<\/div>\n","protected":false},"excerpt":{"rendered":"<p>Nedan f\u00f6ljer n\u00e5gra exempel\u00a0\u00f6ver hur vi t\u00e4nker kring undervisning och l\u00e4rande! Vi str\u00e4var efter att skoldagen ska ha en bra struktur och vara planerad! P\u00e5 Centrumskolan startar de flesta skoldagar med matematik, svenska eller engelska. D\u00e4refter har eleverna SO\/NO eller ett Tema d\u00e4r b\u00e5da \u00e4mnesblocken ing\u00e5r. Vi f\u00f6rs\u00f6ker schemal\u00e4gga de praktiskt estetiska \u00e4mnena till eftermiddagarna. Vi m\u00f6ter varje barn p\u00e5 dess r\u00e4tta niv\u00e5! Med en god k\u00e4nnedom om var just ditt barn befinner sig i sin kunskapsutveckling s\u00e5 kan vi ocks\u00e5 st\u00e4lla rimliga krav p\u00e5 prestationer och arbetsf\u00f6rm\u00e5ga. H\u00f6ga f\u00f6rv\u00e4ntningar \u00e4r positivt f\u00f6r ditt barns utveckling! Vi vet att det \u00e4r l\u00e4ttare att l\u00e4ra sig om undervisningen \u00e4r varierad! &#8221;Katederundervisning&#8221;, &#8221;dialogpedagogik&#8221;, &#8221;eget arbete&#8221;, &#8221;projekt&#8221;, &#8221;utomhuspedagogik&#8221;, &#8221;tema och Storyline&#8221;, &#8221;grupparbete&#8221; eller &#8221;hemarbete&#8221;, inget \u00e4r uteslutet p\u00e5 Centrumskolan. Vi f\u00f6rs\u00f6ker anpassa och variera v\u00e5ra metoder s\u00e5 att det fr\u00e4mjar varje elev. Vi l\u00e5ter ditt barn utveckla det hon\/han \u00e4r bra p\u00e5! D\u00e4rf\u00f6r finns det m\u00f6jligheter f\u00f6r ditt barn att f\u00e5 individuella uppgifter. L\u00e4xan hj\u00e4lper till att bef\u00e4sta begrepp och metoder som barnen l\u00e4r sig i skolan! Det \u00e4r viktigt att heml\u00e4xan hj\u00e4lper barnet att utveckla sina f\u00e4rdigheter. \u00a0L\u00e4xpolicy: En l\u00e4xa ska tr\u00e4na n\u00e5got man redan l\u00e4rt sig i skolan, allts\u00e5 repetera inte l\u00e4ra in nytt. Vi vet att trygghet och trivsel \u00e4r mycket viktigt f\u00f6r ditt barns inl\u00e4rning! Tydlig kommunikation, \u00a0god l\u00e4rart\u00e4thet, n\u00e4rvarande vuxna (t.ex. under raster), ett systematiskt arbete mot kr\u00e4nkningar \u00e4r n\u00e5gra exempel p\u00e5 vad vi g\u00f6r f\u00f6r att f\u00e5 en s\u00e5 bra arbetsmilj\u00f6 som m\u00f6jligt f\u00f6r ditt barn! Vi vet att du som f\u00f6r\u00e4lder \u00e4r mycket viktig f\u00f6r ditt barns skolg\u00e5ng! P\u00e5 utvecklingssamtalet kommer vi fram till vad just ditt barn beh\u00f6ver fokusera p\u00e5 och vad du kan g\u00f6ra f\u00f6r att hj\u00e4lpa ditt barn Vi vet att vi pedagoger\u00a0har stor betydelse f\u00f6r ditt barns kunskapsutveckling! D\u00e4rf\u00f6r undervisar bara engagerade, beh\u00f6riga och legitimerade l\u00e4rare p\u00e5 Centrumskolan. Att undervisningen dessutom \u00e4r rolig tror vi har stor betydelse f\u00f6r just ditt barns skolg\u00e5ng.<\/p>\n","protected":false},"author":1,"featured_media":0,"parent":0,"menu_order":0,"comment_status":"open","ping_status":"open","template":"","meta":{"footnotes":""},"_links":{"self":[{"href":"https:\/\/www.centrumskolan.se\/index.php?rest_route=\/wp\/v2\/pages\/108"}],"collection":[{"href":"https:\/\/www.centrumskolan.se\/index.php?rest_route=\/wp\/v2\/pages"}],"about":[{"href":"https:\/\/www.centrumskolan.se\/index.php?rest_route=\/wp\/v2\/types\/page"}],"author":[{"embeddable":true,"href":"https:\/\/www.centrumskolan.se\/index.php?rest_route=\/wp\/v2\/users\/1"}],"replies":[{"embeddable":true,"href":"https:\/\/www.centrumskolan.se\/index.php?rest_route=%2Fwp%2Fv2%2Fcomments&post=108"}],"version-history":[{"count":26,"href":"https:\/\/www.centrumskolan.se\/index.php?rest_route=\/wp\/v2\/pages\/108\/revisions"}],"predecessor-version":[{"id":1619,"href":"https:\/\/www.centrumskolan.se\/index.php?rest_route=\/wp\/v2\/pages\/108\/revisions\/1619"}],"wp:attachment":[{"href":"https:\/\/www.centrumskolan.se\/index.php?rest_route=%2Fwp%2Fv2%2Fmedia&parent=108"}],"curies":[{"name":"wp","href":"https:\/\/api.w.org\/{rel}","templated":true}]}}