{"id":106,"date":"2015-06-26T09:38:38","date_gmt":"2015-06-26T07:38:38","guid":{"rendered":"https:\/\/www.centrumskolan.se\/wordpress\/?page_id=106"},"modified":"2023-02-24T16:40:33","modified_gmt":"2023-02-24T15:40:33","slug":"skolan-2","status":"publish","type":"page","link":"https:\/\/www.centrumskolan.se\/?page_id=106","title":{"rendered":"SKOLAN"},"content":{"rendered":"<h4><img decoding=\"async\" loading=\"lazy\" class=\"alignnone  wp-image-443 alignright\" src=\"https:\/\/www.centrumskolan.se\/wp-content\/uploads\/2015\/11\/centrumskolan_miljo_INT_29-300x200.jpg\" alt=\"\" width=\"560\" height=\"373\" srcset=\"https:\/\/www.centrumskolan.se\/wp-content\/uploads\/2015\/11\/centrumskolan_miljo_INT_29-300x200.jpg 300w, https:\/\/www.centrumskolan.se\/wp-content\/uploads\/2015\/11\/centrumskolan_miljo_INT_29-1100x734.jpg 1100w\" sizes=\"(max-width: 560px) 100vw, 560px\" \/>H\u00e4r arbetar eleverna i mindre grupper<\/h4>\n<p>Undervisningen \u00e4r planerad, varierad och elevens framsteg dokumenteras noga. Vi bygger v\u00e5r undervisning kring l\u00e4roplanens centrala inneh\u00e5ll, ibland med gemensamma arbetsomr\u00e5den s.k. TEMAN. Med det tematiska arbetss\u00e4ttet blir kursplanernas olika \u00e4mnen delar av en betydelsefull helhet.Barn som beh\u00f6ver ges extra st\u00f6d f\u00f6r att n\u00e5 kunskapskraven. F\u00f6r de barn som beh\u00f6ver extra omsorg f\u00f6re och efter skoltid, har vi en bra fritidsverksamhet.<\/p>\n<div id=\"ctl00_mainContent_ctl00_pnlOuterBody\" class=\"art-postcontent\">\n<div id=\"ctl00_mainContent_ctl00_pnlInnerBody\" class=\"modulecontent\">\n<div id=\"ctl00_mainContent_ctl00_divContent\">\n<div class=\"floatpanel\">\n<h2 class=\"floatpanel section\"><\/h2>\n<h4 class=\"floatpanel section\">Att f\u00e5 g\u00e5 i en skola mitt i naturen \u00e4r fantastiskt!<\/h4>\n<\/div>\n<div class=\"clear section\">\n<div class=\"floatpanel\">\n<div class=\"floatpanel section\">\n<p align=\"left\">Att kunna ha en skola i en milj\u00f6, som den p\u00e5 <a href=\"http:\/\/www.fredriksdal.se\/\">Fredriksdals Museer och Tr\u00e4dg\u00e5rdar<\/a>\u00a0\u00e4r n\u00e4stan lite overkligt i en stor stad. H\u00e4r njuter vi av naturen, stillheten, alla djuren och den vackra, gamla stadsmilj\u00f6n.<\/p>\n<p>Centrumskolans personal och Fredriksdal har ett gott samarbete, inte minst genom aktiviteter med\u00a0museets egna pedagoger. Deras kunskaper om naturen, kulturen och v\u00e5r historia berikar den vanliga undervisningen och ger v\u00e5ra skolbarn m\u00e5nga fina upplevelser och erfarenheter genom skol\u00e5ren.<\/p>\n<\/div>\n<\/div>\n<\/div>\n<\/div>\n<\/div>\n<\/div>\n","protected":false},"excerpt":{"rendered":"<p>H\u00e4r arbetar eleverna i mindre grupper Undervisningen \u00e4r planerad, varierad och elevens framsteg dokumenteras noga. Vi bygger v\u00e5r undervisning kring l\u00e4roplanens centrala inneh\u00e5ll, ibland med gemensamma arbetsomr\u00e5den s.k. TEMAN. Med det tematiska arbetss\u00e4ttet blir kursplanernas olika \u00e4mnen delar av en betydelsefull helhet.Barn som beh\u00f6ver ges extra st\u00f6d f\u00f6r att n\u00e5 kunskapskraven. F\u00f6r de barn som beh\u00f6ver extra omsorg f\u00f6re och efter skoltid, har vi en bra fritidsverksamhet. Att f\u00e5 g\u00e5 i en skola mitt i naturen \u00e4r fantastiskt! Att kunna ha en skola i en milj\u00f6, som den p\u00e5 Fredriksdals Museer och Tr\u00e4dg\u00e5rdar\u00a0\u00e4r n\u00e4stan lite overkligt i en stor stad. H\u00e4r njuter vi av naturen, stillheten, alla djuren och den vackra, gamla stadsmilj\u00f6n. Centrumskolans personal och Fredriksdal har ett gott samarbete, inte minst genom aktiviteter med\u00a0museets egna pedagoger. Deras kunskaper om naturen, kulturen och v\u00e5r historia berikar den vanliga undervisningen och ger v\u00e5ra skolbarn m\u00e5nga fina upplevelser och erfarenheter genom skol\u00e5ren.<\/p>\n","protected":false},"author":1,"featured_media":0,"parent":0,"menu_order":0,"comment_status":"closed","ping_status":"closed","template":"","meta":{"footnotes":""},"_links":{"self":[{"href":"https:\/\/www.centrumskolan.se\/index.php?rest_route=\/wp\/v2\/pages\/106"}],"collection":[{"href":"https:\/\/www.centrumskolan.se\/index.php?rest_route=\/wp\/v2\/pages"}],"about":[{"href":"https:\/\/www.centrumskolan.se\/index.php?rest_route=\/wp\/v2\/types\/page"}],"author":[{"embeddable":true,"href":"https:\/\/www.centrumskolan.se\/index.php?rest_route=\/wp\/v2\/users\/1"}],"replies":[{"embeddable":true,"href":"https:\/\/www.centrumskolan.se\/index.php?rest_route=%2Fwp%2Fv2%2Fcomments&post=106"}],"version-history":[{"count":30,"href":"https:\/\/www.centrumskolan.se\/index.php?rest_route=\/wp\/v2\/pages\/106\/revisions"}],"predecessor-version":[{"id":1163,"href":"https:\/\/www.centrumskolan.se\/index.php?rest_route=\/wp\/v2\/pages\/106\/revisions\/1163"}],"wp:attachment":[{"href":"https:\/\/www.centrumskolan.se\/index.php?rest_route=%2Fwp%2Fv2%2Fmedia&parent=106"}],"curies":[{"name":"wp","href":"https:\/\/api.w.org\/{rel}","templated":true}]}}