{"id":104,"date":"2015-06-26T09:38:23","date_gmt":"2015-06-26T07:38:23","guid":{"rendered":"https:\/\/www.centrumskolan.se\/wordpress\/?page_id=104"},"modified":"2023-02-24T16:38:18","modified_gmt":"2023-02-24T15:38:18","slug":"vi-pa-centrumskolan-2","status":"publish","type":"page","link":"https:\/\/www.centrumskolan.se\/?page_id=104","title":{"rendered":"VI P\u00c5 CENTRUMSKOLAN"},"content":{"rendered":"<p id=\"module201\" class=\" moduletitle\"><span class=\"floatpanel\"><img decoding=\"async\" loading=\"lazy\" class=\"alignnone  wp-image-286 alignright\" src=\"https:\/\/www.centrumskolan.se\/wp-content\/uploads\/2015\/06\/skola1-300x225.jpg\" alt=\"\" width=\"411\" height=\"308\" srcset=\"https:\/\/www.centrumskolan.se\/wp-content\/uploads\/2015\/06\/skola1-300x225.jpg 300w, https:\/\/www.centrumskolan.se\/wp-content\/uploads\/2015\/06\/skola1.jpg 640w\" sizes=\"(max-width: 411px) 100vw, 411px\" \/>Centrumskolan, Helsingborgs f\u00f6rsta friskola \u00e4r en skola f\u00f6r barn fr\u00e5n f\u00f6rskoleklass till och med \u00e5k 6.<br \/>\nDen \u00e4r liten och personlig, inte st\u00f6rre \u00e4n att alla k\u00e4nner varandra.<br \/>\nVi har f\u00f6rskoleklass, skola och fritidshem i gemensamma lokaler.<br \/>\n<\/span><\/p>\n<div id=\"ctl00_mainContent_ctl00_pnlOuterBody\" class=\"art-postcontent\">\n<div id=\"ctl00_mainContent_ctl00_pnlInnerBody\" class=\"modulecontent\">\n<div id=\"ctl00_mainContent_ctl00_divContent\">\n<h4><\/h4>\n<p>Skolan har plats f\u00f6r 70 barn i tre \u00e5ldersblandade klasser; klass F1 &#8211; med sex\u00e5ringar och de som g\u00e5r sitt f\u00f6rsta skol\u00e5r. De \u00e4ldre skolbarnen finns i klass &#8221;tv\u00e5-tre&#8221; samt &#8221;fyr-fem-sex&#8221;.<br \/>\nVi vill att Ditt barn ska f\u00e5 uppleva arbetsgl\u00e4dje, f\u00e5 utvecklas fr\u00e5n sin egen niv\u00e5, k\u00e4nna trygghet och bli sj\u00e4lvst\u00e4ndigt. Med kompetenta l\u00e4rare\u00a0och med genomt\u00e4nkta och v\u00e4lutvecklade arbetsformer skapas goda f\u00f6ruts\u00e4ttningar f\u00f6r en kreativ, trygg, rolig och bra skolg\u00e5ng.<\/p>\n<p>Vill du att ditt barn ska f\u00e5 m\u00f6jligheten att g\u00e5 hos oss p\u00e5 Centrumskolan? I s\u00e5 fall g\u00f6r du enkelt en <strong><a title=\"Intresseanm\u00e4lan\" href=\"https:\/\/www.centrumskolan.se\/?page_id=174\">intresseanm\u00e4lan<\/a><\/strong>. Anm\u00e4lan \u00e4r inte bindande p\u00e5 n\u00e5got s\u00e4tt och t\u00e4nk p\u00e5 att vara ute i god tid.<\/p>\n<h4><em>\/\u00a0Vi alla p\u00e5 Centrumskolan<\/em><\/h4>\n<\/div>\n<\/div>\n<\/div>\n","protected":false},"excerpt":{"rendered":"<p>Centrumskolan, Helsingborgs f\u00f6rsta friskola \u00e4r en skola f\u00f6r barn fr\u00e5n f\u00f6rskoleklass till och med \u00e5k 6. Den \u00e4r liten och personlig, inte st\u00f6rre \u00e4n att alla k\u00e4nner varandra. Vi har f\u00f6rskoleklass, skola och fritidshem i gemensamma lokaler. Skolan har plats f\u00f6r 70 barn i tre \u00e5ldersblandade klasser; klass F1 &#8211; med sex\u00e5ringar och de som g\u00e5r sitt f\u00f6rsta skol\u00e5r. De \u00e4ldre skolbarnen finns i klass &#8221;tv\u00e5-tre&#8221; samt &#8221;fyr-fem-sex&#8221;. Vi vill att Ditt barn ska f\u00e5 uppleva arbetsgl\u00e4dje, f\u00e5 utvecklas fr\u00e5n sin egen niv\u00e5, k\u00e4nna trygghet och bli sj\u00e4lvst\u00e4ndigt. Med kompetenta l\u00e4rare\u00a0och med genomt\u00e4nkta och v\u00e4lutvecklade arbetsformer skapas goda f\u00f6ruts\u00e4ttningar f\u00f6r en kreativ, trygg, rolig och bra skolg\u00e5ng. Vill du att ditt barn ska f\u00e5 m\u00f6jligheten att g\u00e5 hos oss p\u00e5 Centrumskolan? I s\u00e5 fall g\u00f6r du enkelt en intresseanm\u00e4lan. Anm\u00e4lan \u00e4r inte bindande p\u00e5 n\u00e5got s\u00e4tt och t\u00e4nk p\u00e5 att vara ute i god tid. \/\u00a0Vi alla p\u00e5 Centrumskolan<\/p>\n","protected":false},"author":1,"featured_media":0,"parent":0,"menu_order":0,"comment_status":"open","ping_status":"open","template":"","meta":{"footnotes":""},"_links":{"self":[{"href":"https:\/\/www.centrumskolan.se\/index.php?rest_route=\/wp\/v2\/pages\/104"}],"collection":[{"href":"https:\/\/www.centrumskolan.se\/index.php?rest_route=\/wp\/v2\/pages"}],"about":[{"href":"https:\/\/www.centrumskolan.se\/index.php?rest_route=\/wp\/v2\/types\/page"}],"author":[{"embeddable":true,"href":"https:\/\/www.centrumskolan.se\/index.php?rest_route=\/wp\/v2\/users\/1"}],"replies":[{"embeddable":true,"href":"https:\/\/www.centrumskolan.se\/index.php?rest_route=%2Fwp%2Fv2%2Fcomments&post=104"}],"version-history":[{"count":24,"href":"https:\/\/www.centrumskolan.se\/index.php?rest_route=\/wp\/v2\/pages\/104\/revisions"}],"predecessor-version":[{"id":1161,"href":"https:\/\/www.centrumskolan.se\/index.php?rest_route=\/wp\/v2\/pages\/104\/revisions\/1161"}],"wp:attachment":[{"href":"https:\/\/www.centrumskolan.se\/index.php?rest_route=%2Fwp%2Fv2%2Fmedia&parent=104"}],"curies":[{"name":"wp","href":"https:\/\/api.w.org\/{rel}","templated":true}]}}